{"id":256,"date":"2025-04-11T14:49:41","date_gmt":"2025-04-11T14:49:41","guid":{"rendered":"https:\/\/www.imporpartes.jesa.ec\/?post_type=product&#038;p=256"},"modified":"2025-04-11T16:36:35","modified_gmt":"2025-04-11T16:36:35","slug":"protector-de-radiador-hino-500-j08e-jo8c","status":"publish","type":"product","link":"https:\/\/www.imporpartes.jesa.ec\/es\/product\/protector-de-radiador-hino-500-j08e-jo8c\/","title":{"rendered":"Protector de radiador Hino 500 J08E\/JO8C"},"content":{"rendered":"<p style=\"text-align: center;\">\ud83d\udee1\ufe0f <strong data-start=\"148\" data-end=\"194\">Protector de Radiador Hino 500 J08E \/ J08C<\/strong><br data-start=\"194\" data-end=\"197\" \/>Dise\u00f1ado para brindar m\u00e1xima protecci\u00f3n al radiador de camiones <strong data-start=\"261\" data-end=\"279\">Hino Serie 500<\/strong> con motor <strong data-start=\"290\" data-end=\"305\">J08E o J08C<\/strong>.<br data-start=\"306\" data-end=\"309\" \/>\u2705 Material resistente a impactos y condiciones extremas<br data-start=\"364\" data-end=\"367\" \/>\u2705 Ajuste preciso y f\u00e1cil instalaci\u00f3n<br data-start=\"403\" data-end=\"406\" \/>\u2705 Prolonga la vida \u00fatil del sistema de enfriamiento<br data-start=\"457\" data-end=\"460\" \/>Ideal para prevenir da\u00f1os por piedras, residuos y otros elementos del camino. \u00a1Protege tu inversi\u00f3n y asegura el rendimiento de tu motor Hino! \ud83d\ude9b\u2744\ufe0f<\/p>","protected":false},"excerpt":{"rendered":"<p>\ud83d\udee1\ufe0f <strong data-start=\"148\" data-end=\"194\">Protector de Radiador Hino 500 J08E \/ J08C<\/strong><br data-start=\"194\" data-end=\"197\" \/>Dise\u00f1ado para brindar m\u00e1xima protecci\u00f3n al radiador de camiones <strong data-start=\"261\" data-end=\"279\">Hino Serie 500<\/strong> con motor <strong data-start=\"290\" data-end=\"305\">J08E o J08C<\/strong>.<br data-start=\"306\" data-end=\"309\" \/>\u2705 Material resistente a impactos y condiciones extremas<br data-start=\"364\" data-end=\"367\" \/>\u2705 Ajuste preciso y f\u00e1cil instalaci\u00f3n<br data-start=\"403\" data-end=\"406\" \/>\u2705 Prolonga la vida \u00fatil del sistema de enfriamiento<\/p>\n<h3><span style=\"color: #ff0000;\">Pregunte por nuestros descuentos para mayoristas<\/span><\/h3>\n<p>Precio no incluye IVA.<\/p>","protected":false},"featured_media":347,"comment_status":"open","ping_status":"closed","template":"","meta":{"_acf_changed":false},"product_brand":[],"product_cat":[59],"product_tag":[60],"class_list":{"0":"post-256","1":"product","2":"type-product","3":"status-publish","4":"has-post-thumbnail","6":"product_cat-ventiladores","7":"product_tag-al1040","9":"first","10":"instock","11":"taxable","12":"shipping-taxable","13":"purchasable","14":"product-type-simple"},"acf":[],"_links":{"self":[{"href":"https:\/\/www.imporpartes.jesa.ec\/es\/wp-json\/wp\/v2\/product\/256","targetHints":{"allow":["GET"]}}],"collection":[{"href":"https:\/\/www.imporpartes.jesa.ec\/es\/wp-json\/wp\/v2\/product"}],"about":[{"href":"https:\/\/www.imporpartes.jesa.ec\/es\/wp-json\/wp\/v2\/types\/product"}],"replies":[{"embeddable":true,"href":"https:\/\/www.imporpartes.jesa.ec\/es\/wp-json\/wp\/v2\/comments?post=256"}],"wp:featuredmedia":[{"embeddable":true,"href":"https:\/\/www.imporpartes.jesa.ec\/es\/wp-json\/wp\/v2\/media\/347"}],"wp:attachment":[{"href":"https:\/\/www.imporpartes.jesa.ec\/es\/wp-json\/wp\/v2\/media?parent=256"}],"wp:term":[{"taxonomy":"product_brand","embeddable":true,"href":"https:\/\/www.imporpartes.jesa.ec\/es\/wp-json\/wp\/v2\/product_brand?post=256"},{"taxonomy":"product_cat","embeddable":true,"href":"https:\/\/www.imporpartes.jesa.ec\/es\/wp-json\/wp\/v2\/product_cat?post=256"},{"taxonomy":"product_tag","embeddable":true,"href":"https:\/\/www.imporpartes.jesa.ec\/es\/wp-json\/wp\/v2\/product_tag?post=256"}],"curies":[{"name":"wp","href":"https:\/\/api.w.org\/{rel}","templated":true}]}}